{"id":717,"date":"2023-11-24T22:39:12","date_gmt":"2023-11-24T22:39:12","guid":{"rendered":"https:\/\/www.berangereceramiques.fr\/?post_type=product&#038;p=717"},"modified":"2026-04-27T15:28:37","modified_gmt":"2026-04-27T15:28:37","slug":"ceramic-house-with-a-white-roof","status":"publish","type":"product","link":"https:\/\/www.berangereceramiques.fr\/en\/produit\/ceramic-house-with-a-white-roof","title":{"rendered":"Ceramic house with a white roof"},"content":{"rendered":"","protected":false},"excerpt":{"rendered":"<p>Ceramic house hand built using slab of stoneware. Each house is unique in size and has a white roof.<\/p>\n<p>H=10 \u00e0 13cm<\/p>\n<p>Some unavailable items can be made to order (allow between 3 and 6 weeks depending on the time of year). Do not hesitate to contact me on\u00a0<a href=\"mailto:beran@noyau.net\">beran@noyau.net<\/a>\u00a0or on\u00a0+33 (0)6 95 71 11 41\u00a0for more information.<\/p>\n","protected":false},"featured_media":665,"template":"","meta":[],"product_brand":[],"product_cat":[26],"product_tag":[],"class_list":{"0":"post-717","1":"product","2":"type-product","3":"status-publish","4":"has-post-thumbnail","6":"product_cat-non-classe-en","8":"first","9":"instock","10":"shipping-taxable","11":"purchasable","12":"product-type-simple"},"yoast_head":"<!-- This site is optimized with the Yoast SEO plugin v26.8 - https:\/\/yoast.com\/product\/yoast-seo-wordpress\/ -->\n<title>Ceramic house with a white roof - B\u00e9rang\u00e8re C\u00e9ramiques - Porcelaine &amp; Art de la table<\/title>\n<meta name=\"robots\" content=\"index, follow, max-snippet:-1, max-image-preview:large, max-video-preview:-1\" \/>\n<link rel=\"canonical\" href=\"https:\/\/www.berangereceramiques.fr\/en\/produit\/ceramic-house-with-a-white-roof\" \/>\n<meta property=\"og:locale\" content=\"en_US\" \/>\n<meta property=\"og:type\" content=\"article\" \/>\n<meta property=\"og:title\" content=\"Ceramic house with a white roof - B\u00e9rang\u00e8re C\u00e9ramiques - Porcelaine &amp; Art de la table\" \/>\n<meta property=\"og:description\" content=\"Ceramic house hand built using slab of stoneware. Each house is unique in size and has a white roof.  H=10 \u00e0 13cm  Some unavailable items can be made to order (allow between 3 and 6 weeks depending on the time of year). Do not hesitate to contact me on\u00a0beran@noyau.net\u00a0or on\u00a0+33 (0)6 95 71 11 41\u00a0for more information.\" \/>\n<meta property=\"og:url\" content=\"https:\/\/www.berangereceramiques.fr\/en\/produit\/ceramic-house-with-a-white-roof\" \/>\n<meta property=\"og:site_name\" content=\"B\u00e9rang\u00e8re C\u00e9ramiques - Porcelaine &amp; Art de la table\" \/>\n<meta property=\"article:publisher\" content=\"https:\/\/www.facebook.com\/BerangereCeramics\/\" \/>\n<meta property=\"article:modified_time\" content=\"2026-04-27T15:28:37+00:00\" \/>\n<meta property=\"og:image\" content=\"https:\/\/www.berangereceramiques.fr\/wp-content\/uploads\/2023\/11\/house-ceramic-white-berangere-ceramiques-.jpeg\" \/>\n\t<meta property=\"og:image:width\" content=\"640\" \/>\n\t<meta property=\"og:image:height\" content=\"640\" \/>\n\t<meta property=\"og:image:type\" content=\"image\/jpeg\" \/>\n<meta name=\"twitter:card\" content=\"summary_large_image\" \/>\n<script type=\"application\/ld+json\" class=\"yoast-schema-graph\">{\"@context\":\"https:\/\/schema.org\",\"@graph\":[{\"@type\":\"WebPage\",\"@id\":\"https:\/\/www.berangereceramiques.fr\/en\/produit\/ceramic-house-with-a-white-roof\",\"url\":\"https:\/\/www.berangereceramiques.fr\/en\/produit\/ceramic-house-with-a-white-roof\",\"name\":\"Ceramic house with a white roof - B\u00e9rang\u00e8re C\u00e9ramiques - Porcelaine &amp; Art de la table\",\"isPartOf\":{\"@id\":\"https:\/\/www.berangereceramiques.fr\/#website\"},\"primaryImageOfPage\":{\"@id\":\"https:\/\/www.berangereceramiques.fr\/en\/produit\/ceramic-house-with-a-white-roof#primaryimage\"},\"image\":{\"@id\":\"https:\/\/www.berangereceramiques.fr\/en\/produit\/ceramic-house-with-a-white-roof#primaryimage\"},\"thumbnailUrl\":\"https:\/\/www.berangereceramiques.fr\/wp-content\/uploads\/2023\/11\/house-ceramic-white-berangere-ceramiques-.jpeg\",\"datePublished\":\"2023-11-24T22:39:12+00:00\",\"dateModified\":\"2026-04-27T15:28:37+00:00\",\"breadcrumb\":{\"@id\":\"https:\/\/www.berangereceramiques.fr\/en\/produit\/ceramic-house-with-a-white-roof#breadcrumb\"},\"inLanguage\":\"en-US\",\"potentialAction\":[{\"@type\":\"ReadAction\",\"target\":[\"https:\/\/www.berangereceramiques.fr\/en\/produit\/ceramic-house-with-a-white-roof\"]}]},{\"@type\":\"ImageObject\",\"inLanguage\":\"en-US\",\"@id\":\"https:\/\/www.berangereceramiques.fr\/en\/produit\/ceramic-house-with-a-white-roof#primaryimage\",\"url\":\"https:\/\/www.berangereceramiques.fr\/wp-content\/uploads\/2023\/11\/house-ceramic-white-berangere-ceramiques-.jpeg\",\"contentUrl\":\"https:\/\/www.berangereceramiques.fr\/wp-content\/uploads\/2023\/11\/house-ceramic-white-berangere-ceramiques-.jpeg\",\"width\":640,\"height\":640},{\"@type\":\"BreadcrumbList\",\"@id\":\"https:\/\/www.berangereceramiques.fr\/en\/produit\/ceramic-house-with-a-white-roof#breadcrumb\",\"itemListElement\":[{\"@type\":\"ListItem\",\"position\":1,\"name\":\"Accueil\",\"item\":\"https:\/\/www.berangereceramiques.fr\/en\"},{\"@type\":\"ListItem\",\"position\":2,\"name\":\"Produits\",\"item\":\"https:\/\/www.berangereceramiques.fr\/shop\"},{\"@type\":\"ListItem\",\"position\":3,\"name\":\"Ceramic house with a white roof\"}]},{\"@type\":\"WebSite\",\"@id\":\"https:\/\/www.berangereceramiques.fr\/#website\",\"url\":\"https:\/\/www.berangereceramiques.fr\/\",\"name\":\"B\u00e9rang\u00e8re C\u00e9ramiques - Porcelaine & Arte de la table\",\"description\":\"Fonctionnelles ou d\u00e9coratives, petites s\u00e9ries ou pi\u00e8ces uniques\",\"publisher\":{\"@id\":\"https:\/\/www.berangereceramiques.fr\/#organization\"},\"potentialAction\":[{\"@type\":\"SearchAction\",\"target\":{\"@type\":\"EntryPoint\",\"urlTemplate\":\"https:\/\/www.berangereceramiques.fr\/?s={search_term_string}\"},\"query-input\":{\"@type\":\"PropertyValueSpecification\",\"valueRequired\":true,\"valueName\":\"search_term_string\"}}],\"inLanguage\":\"en-US\"},{\"@type\":\"Organization\",\"@id\":\"https:\/\/www.berangereceramiques.fr\/#organization\",\"name\":\"B\u00e9rang\u00e8re C\u00e9ramiques - Porcelaine & Arte de la table\",\"url\":\"https:\/\/www.berangereceramiques.fr\/\",\"logo\":{\"@type\":\"ImageObject\",\"inLanguage\":\"en-US\",\"@id\":\"https:\/\/www.berangereceramiques.fr\/#\/schema\/logo\/image\/\",\"url\":\"https:\/\/www.berangereceramiques.fr\/wp-content\/uploads\/2023\/05\/Logo-Berangere-Ceramiques.png\",\"contentUrl\":\"https:\/\/www.berangereceramiques.fr\/wp-content\/uploads\/2023\/05\/Logo-Berangere-Ceramiques.png\",\"width\":520,\"height\":169,\"caption\":\"B\u00e9rang\u00e8re C\u00e9ramiques - Porcelaine & Arte de la table\"},\"image\":{\"@id\":\"https:\/\/www.berangereceramiques.fr\/#\/schema\/logo\/image\/\"},\"sameAs\":[\"https:\/\/www.facebook.com\/BerangereCeramics\/\",\"https:\/\/www.instagram.com\/berangereceramics\/\"]}]}<\/script>\n<!-- \/ Yoast SEO plugin. -->","yoast_head_json":{"title":"Ceramic house with a white roof - B\u00e9rang\u00e8re C\u00e9ramiques - Porcelaine &amp; Art de la table","robots":{"index":"index","follow":"follow","max-snippet":"max-snippet:-1","max-image-preview":"max-image-preview:large","max-video-preview":"max-video-preview:-1"},"canonical":"https:\/\/www.berangereceramiques.fr\/en\/produit\/ceramic-house-with-a-white-roof","og_locale":"en_US","og_type":"article","og_title":"Ceramic house with a white roof - B\u00e9rang\u00e8re C\u00e9ramiques - Porcelaine &amp; Art de la table","og_description":"Ceramic house hand built using slab of stoneware. Each house is unique in size and has a white roof.  H=10 \u00e0 13cm  Some unavailable items can be made to order (allow between 3 and 6 weeks depending on the time of year). Do not hesitate to contact me on\u00a0beran@noyau.net\u00a0or on\u00a0+33 (0)6 95 71 11 41\u00a0for more information.","og_url":"https:\/\/www.berangereceramiques.fr\/en\/produit\/ceramic-house-with-a-white-roof","og_site_name":"B\u00e9rang\u00e8re C\u00e9ramiques - Porcelaine &amp; Art de la table","article_publisher":"https:\/\/www.facebook.com\/BerangereCeramics\/","article_modified_time":"2026-04-27T15:28:37+00:00","og_image":[{"width":640,"height":640,"url":"https:\/\/www.berangereceramiques.fr\/wp-content\/uploads\/2023\/11\/house-ceramic-white-berangere-ceramiques-.jpeg","type":"image\/jpeg"}],"twitter_card":"summary_large_image","schema":{"@context":"https:\/\/schema.org","@graph":[{"@type":"WebPage","@id":"https:\/\/www.berangereceramiques.fr\/en\/produit\/ceramic-house-with-a-white-roof","url":"https:\/\/www.berangereceramiques.fr\/en\/produit\/ceramic-house-with-a-white-roof","name":"Ceramic house with a white roof - B\u00e9rang\u00e8re C\u00e9ramiques - Porcelaine &amp; Art de la table","isPartOf":{"@id":"https:\/\/www.berangereceramiques.fr\/#website"},"primaryImageOfPage":{"@id":"https:\/\/www.berangereceramiques.fr\/en\/produit\/ceramic-house-with-a-white-roof#primaryimage"},"image":{"@id":"https:\/\/www.berangereceramiques.fr\/en\/produit\/ceramic-house-with-a-white-roof#primaryimage"},"thumbnailUrl":"https:\/\/www.berangereceramiques.fr\/wp-content\/uploads\/2023\/11\/house-ceramic-white-berangere-ceramiques-.jpeg","datePublished":"2023-11-24T22:39:12+00:00","dateModified":"2026-04-27T15:28:37+00:00","breadcrumb":{"@id":"https:\/\/www.berangereceramiques.fr\/en\/produit\/ceramic-house-with-a-white-roof#breadcrumb"},"inLanguage":"en-US","potentialAction":[{"@type":"ReadAction","target":["https:\/\/www.berangereceramiques.fr\/en\/produit\/ceramic-house-with-a-white-roof"]}]},{"@type":"ImageObject","inLanguage":"en-US","@id":"https:\/\/www.berangereceramiques.fr\/en\/produit\/ceramic-house-with-a-white-roof#primaryimage","url":"https:\/\/www.berangereceramiques.fr\/wp-content\/uploads\/2023\/11\/house-ceramic-white-berangere-ceramiques-.jpeg","contentUrl":"https:\/\/www.berangereceramiques.fr\/wp-content\/uploads\/2023\/11\/house-ceramic-white-berangere-ceramiques-.jpeg","width":640,"height":640},{"@type":"BreadcrumbList","@id":"https:\/\/www.berangereceramiques.fr\/en\/produit\/ceramic-house-with-a-white-roof#breadcrumb","itemListElement":[{"@type":"ListItem","position":1,"name":"Accueil","item":"https:\/\/www.berangereceramiques.fr\/en"},{"@type":"ListItem","position":2,"name":"Produits","item":"https:\/\/www.berangereceramiques.fr\/shop"},{"@type":"ListItem","position":3,"name":"Ceramic house with a white roof"}]},{"@type":"WebSite","@id":"https:\/\/www.berangereceramiques.fr\/#website","url":"https:\/\/www.berangereceramiques.fr\/","name":"B\u00e9rang\u00e8re C\u00e9ramiques - Porcelaine & Arte de la table","description":"Fonctionnelles ou d\u00e9coratives, petites s\u00e9ries ou pi\u00e8ces uniques","publisher":{"@id":"https:\/\/www.berangereceramiques.fr\/#organization"},"potentialAction":[{"@type":"SearchAction","target":{"@type":"EntryPoint","urlTemplate":"https:\/\/www.berangereceramiques.fr\/?s={search_term_string}"},"query-input":{"@type":"PropertyValueSpecification","valueRequired":true,"valueName":"search_term_string"}}],"inLanguage":"en-US"},{"@type":"Organization","@id":"https:\/\/www.berangereceramiques.fr\/#organization","name":"B\u00e9rang\u00e8re C\u00e9ramiques - Porcelaine & Arte de la table","url":"https:\/\/www.berangereceramiques.fr\/","logo":{"@type":"ImageObject","inLanguage":"en-US","@id":"https:\/\/www.berangereceramiques.fr\/#\/schema\/logo\/image\/","url":"https:\/\/www.berangereceramiques.fr\/wp-content\/uploads\/2023\/05\/Logo-Berangere-Ceramiques.png","contentUrl":"https:\/\/www.berangereceramiques.fr\/wp-content\/uploads\/2023\/05\/Logo-Berangere-Ceramiques.png","width":520,"height":169,"caption":"B\u00e9rang\u00e8re C\u00e9ramiques - Porcelaine & Arte de la table"},"image":{"@id":"https:\/\/www.berangereceramiques.fr\/#\/schema\/logo\/image\/"},"sameAs":["https:\/\/www.facebook.com\/BerangereCeramics\/","https:\/\/www.instagram.com\/berangereceramics\/"]}]}},"_links":{"self":[{"href":"https:\/\/www.berangereceramiques.fr\/en\/wp-json\/wp\/v2\/product\/717","targetHints":{"allow":["GET"]}}],"collection":[{"href":"https:\/\/www.berangereceramiques.fr\/en\/wp-json\/wp\/v2\/product"}],"about":[{"href":"https:\/\/www.berangereceramiques.fr\/en\/wp-json\/wp\/v2\/types\/product"}],"wp:featuredmedia":[{"embeddable":true,"href":"https:\/\/www.berangereceramiques.fr\/en\/wp-json\/wp\/v2\/media\/665"}],"wp:attachment":[{"href":"https:\/\/www.berangereceramiques.fr\/en\/wp-json\/wp\/v2\/media?parent=717"}],"wp:term":[{"taxonomy":"product_brand","embeddable":true,"href":"https:\/\/www.berangereceramiques.fr\/en\/wp-json\/wp\/v2\/product_brand?post=717"},{"taxonomy":"product_cat","embeddable":true,"href":"https:\/\/www.berangereceramiques.fr\/en\/wp-json\/wp\/v2\/product_cat?post=717"},{"taxonomy":"product_tag","embeddable":true,"href":"https:\/\/www.berangereceramiques.fr\/en\/wp-json\/wp\/v2\/product_tag?post=717"}],"curies":[{"name":"wp","href":"https:\/\/api.w.org\/{rel}","templated":true}]}}