{"id":900,"date":"2024-07-10T13:16:22","date_gmt":"2024-07-10T13:16:22","guid":{"rendered":"https:\/\/www.berangereceramiques.fr\/?page_id=900"},"modified":"2024-07-10T13:16:22","modified_gmt":"2024-07-10T13:16:22","slug":"bolspates","status":"publish","type":"page","link":"https:\/\/www.berangereceramiques.fr\/en\/bolspates","title":{"rendered":"Bols&#038;Pates"},"content":{"rendered":"<p><a href=\"https:\/\/www.berangereceramiques.fr\/wp-content\/uploads\/2024\/07\/Atelier-BolsPates.pdf\">Atelier Bols&amp;Pa\u0302tes<\/a><\/p>\n","protected":false},"excerpt":{"rendered":"<p>Atelier Bols&amp;Pa\u0302tes<\/p>\n","protected":false},"author":2,"featured_media":0,"parent":0,"menu_order":0,"comment_status":"closed","ping_status":"closed","template":"100-width.php","meta":{"footnotes":""},"class_list":["post-900","page","type-page","status-publish","hentry"],"yoast_head":"<!-- This site is optimized with the Yoast SEO plugin v26.8 - https:\/\/yoast.com\/product\/yoast-seo-wordpress\/ -->\n<title>Bols&amp;Pates - B\u00e9rang\u00e8re C\u00e9ramiques - Porcelaine &amp; Art de la table<\/title>\n<meta name=\"robots\" content=\"index, follow, max-snippet:-1, max-image-preview:large, max-video-preview:-1\" \/>\n<link rel=\"canonical\" href=\"https:\/\/www.berangereceramiques.fr\/en\/bolspates\" \/>\n<meta property=\"og:locale\" content=\"en_US\" \/>\n<meta property=\"og:type\" content=\"article\" \/>\n<meta property=\"og:title\" content=\"Bols&amp;Pates - B\u00e9rang\u00e8re C\u00e9ramiques - Porcelaine &amp; Art de la table\" \/>\n<meta property=\"og:description\" content=\"Atelier Bols&amp;Pa\u0302tes\" \/>\n<meta property=\"og:url\" content=\"https:\/\/www.berangereceramiques.fr\/en\/bolspates\" \/>\n<meta property=\"og:site_name\" content=\"B\u00e9rang\u00e8re C\u00e9ramiques - Porcelaine &amp; Art de la table\" \/>\n<meta property=\"article:publisher\" content=\"https:\/\/www.facebook.com\/BerangereCeramics\/\" \/>\n<meta name=\"twitter:card\" content=\"summary_large_image\" \/>\n<script type=\"application\/ld+json\" class=\"yoast-schema-graph\">{\"@context\":\"https:\/\/schema.org\",\"@graph\":[{\"@type\":\"WebPage\",\"@id\":\"https:\/\/www.berangereceramiques.fr\/en\/bolspates\",\"url\":\"https:\/\/www.berangereceramiques.fr\/en\/bolspates\",\"name\":\"Bols&Pates - B\u00e9rang\u00e8re C\u00e9ramiques - Porcelaine &amp; Art de la table\",\"isPartOf\":{\"@id\":\"https:\/\/www.berangereceramiques.fr\/#website\"},\"datePublished\":\"2024-07-10T13:16:22+00:00\",\"breadcrumb\":{\"@id\":\"https:\/\/www.berangereceramiques.fr\/en\/bolspates#breadcrumb\"},\"inLanguage\":\"en-US\",\"potentialAction\":[{\"@type\":\"ReadAction\",\"target\":[\"https:\/\/www.berangereceramiques.fr\/en\/bolspates\"]}]},{\"@type\":\"BreadcrumbList\",\"@id\":\"https:\/\/www.berangereceramiques.fr\/en\/bolspates#breadcrumb\",\"itemListElement\":[{\"@type\":\"ListItem\",\"position\":1,\"name\":\"Accueil\",\"item\":\"https:\/\/www.berangereceramiques.fr\/en\"},{\"@type\":\"ListItem\",\"position\":2,\"name\":\"Bols&#038;Pates\"}]},{\"@type\":\"WebSite\",\"@id\":\"https:\/\/www.berangereceramiques.fr\/#website\",\"url\":\"https:\/\/www.berangereceramiques.fr\/\",\"name\":\"B\u00e9rang\u00e8re C\u00e9ramiques - Porcelaine & Arte de la table\",\"description\":\"Fonctionnelles ou d\u00e9coratives, petites s\u00e9ries ou pi\u00e8ces uniques\",\"publisher\":{\"@id\":\"https:\/\/www.berangereceramiques.fr\/#organization\"},\"potentialAction\":[{\"@type\":\"SearchAction\",\"target\":{\"@type\":\"EntryPoint\",\"urlTemplate\":\"https:\/\/www.berangereceramiques.fr\/?s={search_term_string}\"},\"query-input\":{\"@type\":\"PropertyValueSpecification\",\"valueRequired\":true,\"valueName\":\"search_term_string\"}}],\"inLanguage\":\"en-US\"},{\"@type\":\"Organization\",\"@id\":\"https:\/\/www.berangereceramiques.fr\/#organization\",\"name\":\"B\u00e9rang\u00e8re C\u00e9ramiques - Porcelaine & Arte de la table\",\"url\":\"https:\/\/www.berangereceramiques.fr\/\",\"logo\":{\"@type\":\"ImageObject\",\"inLanguage\":\"en-US\",\"@id\":\"https:\/\/www.berangereceramiques.fr\/#\/schema\/logo\/image\/\",\"url\":\"https:\/\/www.berangereceramiques.fr\/wp-content\/uploads\/2023\/05\/Logo-Berangere-Ceramiques.png\",\"contentUrl\":\"https:\/\/www.berangereceramiques.fr\/wp-content\/uploads\/2023\/05\/Logo-Berangere-Ceramiques.png\",\"width\":520,\"height\":169,\"caption\":\"B\u00e9rang\u00e8re C\u00e9ramiques - Porcelaine & Arte de la table\"},\"image\":{\"@id\":\"https:\/\/www.berangereceramiques.fr\/#\/schema\/logo\/image\/\"},\"sameAs\":[\"https:\/\/www.facebook.com\/BerangereCeramics\/\",\"https:\/\/www.instagram.com\/berangereceramics\/\"]}]}<\/script>\n<!-- \/ Yoast SEO plugin. -->","yoast_head_json":{"title":"Bols&Pates - B\u00e9rang\u00e8re C\u00e9ramiques - Porcelaine &amp; Art de la table","robots":{"index":"index","follow":"follow","max-snippet":"max-snippet:-1","max-image-preview":"max-image-preview:large","max-video-preview":"max-video-preview:-1"},"canonical":"https:\/\/www.berangereceramiques.fr\/en\/bolspates","og_locale":"en_US","og_type":"article","og_title":"Bols&Pates - B\u00e9rang\u00e8re C\u00e9ramiques - Porcelaine &amp; Art de la table","og_description":"Atelier Bols&amp;Pa\u0302tes","og_url":"https:\/\/www.berangereceramiques.fr\/en\/bolspates","og_site_name":"B\u00e9rang\u00e8re C\u00e9ramiques - Porcelaine &amp; Art de la table","article_publisher":"https:\/\/www.facebook.com\/BerangereCeramics\/","twitter_card":"summary_large_image","schema":{"@context":"https:\/\/schema.org","@graph":[{"@type":"WebPage","@id":"https:\/\/www.berangereceramiques.fr\/en\/bolspates","url":"https:\/\/www.berangereceramiques.fr\/en\/bolspates","name":"Bols&Pates - B\u00e9rang\u00e8re C\u00e9ramiques - Porcelaine &amp; Art de la table","isPartOf":{"@id":"https:\/\/www.berangereceramiques.fr\/#website"},"datePublished":"2024-07-10T13:16:22+00:00","breadcrumb":{"@id":"https:\/\/www.berangereceramiques.fr\/en\/bolspates#breadcrumb"},"inLanguage":"en-US","potentialAction":[{"@type":"ReadAction","target":["https:\/\/www.berangereceramiques.fr\/en\/bolspates"]}]},{"@type":"BreadcrumbList","@id":"https:\/\/www.berangereceramiques.fr\/en\/bolspates#breadcrumb","itemListElement":[{"@type":"ListItem","position":1,"name":"Accueil","item":"https:\/\/www.berangereceramiques.fr\/en"},{"@type":"ListItem","position":2,"name":"Bols&#038;Pates"}]},{"@type":"WebSite","@id":"https:\/\/www.berangereceramiques.fr\/#website","url":"https:\/\/www.berangereceramiques.fr\/","name":"B\u00e9rang\u00e8re C\u00e9ramiques - Porcelaine & Arte de la table","description":"Fonctionnelles ou d\u00e9coratives, petites s\u00e9ries ou pi\u00e8ces uniques","publisher":{"@id":"https:\/\/www.berangereceramiques.fr\/#organization"},"potentialAction":[{"@type":"SearchAction","target":{"@type":"EntryPoint","urlTemplate":"https:\/\/www.berangereceramiques.fr\/?s={search_term_string}"},"query-input":{"@type":"PropertyValueSpecification","valueRequired":true,"valueName":"search_term_string"}}],"inLanguage":"en-US"},{"@type":"Organization","@id":"https:\/\/www.berangereceramiques.fr\/#organization","name":"B\u00e9rang\u00e8re C\u00e9ramiques - Porcelaine & Arte de la table","url":"https:\/\/www.berangereceramiques.fr\/","logo":{"@type":"ImageObject","inLanguage":"en-US","@id":"https:\/\/www.berangereceramiques.fr\/#\/schema\/logo\/image\/","url":"https:\/\/www.berangereceramiques.fr\/wp-content\/uploads\/2023\/05\/Logo-Berangere-Ceramiques.png","contentUrl":"https:\/\/www.berangereceramiques.fr\/wp-content\/uploads\/2023\/05\/Logo-Berangere-Ceramiques.png","width":520,"height":169,"caption":"B\u00e9rang\u00e8re C\u00e9ramiques - Porcelaine & Arte de la table"},"image":{"@id":"https:\/\/www.berangereceramiques.fr\/#\/schema\/logo\/image\/"},"sameAs":["https:\/\/www.facebook.com\/BerangereCeramics\/","https:\/\/www.instagram.com\/berangereceramics\/"]}]}},"_links":{"self":[{"href":"https:\/\/www.berangereceramiques.fr\/en\/wp-json\/wp\/v2\/pages\/900","targetHints":{"allow":["GET"]}}],"collection":[{"href":"https:\/\/www.berangereceramiques.fr\/en\/wp-json\/wp\/v2\/pages"}],"about":[{"href":"https:\/\/www.berangereceramiques.fr\/en\/wp-json\/wp\/v2\/types\/page"}],"author":[{"embeddable":true,"href":"https:\/\/www.berangereceramiques.fr\/en\/wp-json\/wp\/v2\/users\/2"}],"replies":[{"embeddable":true,"href":"https:\/\/www.berangereceramiques.fr\/en\/wp-json\/wp\/v2\/comments?post=900"}],"version-history":[{"count":1,"href":"https:\/\/www.berangereceramiques.fr\/en\/wp-json\/wp\/v2\/pages\/900\/revisions"}],"predecessor-version":[{"id":903,"href":"https:\/\/www.berangereceramiques.fr\/en\/wp-json\/wp\/v2\/pages\/900\/revisions\/903"}],"wp:attachment":[{"href":"https:\/\/www.berangereceramiques.fr\/en\/wp-json\/wp\/v2\/media?parent=900"}],"curies":[{"name":"wp","href":"https:\/\/api.w.org\/{rel}","templated":true}]}}