{"id":170,"date":"2023-05-23T05:20:08","date_gmt":"2023-05-23T05:20:08","guid":{"rendered":"https:\/\/brc.mnprojets.com\/revendeurs"},"modified":"2026-03-06T12:00:30","modified_gmt":"2026-03-06T12:00:30","slug":"resellers","status":"publish","type":"page","link":"https:\/\/www.berangereceramiques.fr\/en\/resellers","title":{"rendered":"Resellers"},"content":{"rendered":"<p><div class=\"fusion-fullwidth fullwidth-box fusion-builder-row-1 fusion-flex-container has-pattern-background has-mask-background nonhundred-percent-fullwidth non-hundred-percent-height-scrolling\" style=\"--awb-border-radius-top-left:0px;--awb-border-radius-top-right:0px;--awb-border-radius-bottom-right:0px;--awb-border-radius-bottom-left:0px;--awb-flex-wrap:wrap;\" ><div class=\"fusion-builder-row fusion-row fusion-flex-align-items-flex-start fusion-flex-content-wrap\" style=\"max-width:1248px;margin-left: calc(-4% \/ 2 );margin-right: calc(-4% \/ 2 );\"><div class=\"fusion-layout-column fusion_builder_column fusion-builder-column-0 fusion_builder_column_1_1 1_1 fusion-flex-column\" style=\"--awb-bg-size:cover;--awb-width-large:100%;--awb-margin-top-large:0px;--awb-spacing-right-large:1.92%;--awb-margin-bottom-large:20px;--awb-spacing-left-large:1.92%;--awb-width-medium:100%;--awb-order-medium:0;--awb-spacing-right-medium:1.92%;--awb-spacing-left-medium:1.92%;--awb-width-small:100%;--awb-order-small:0;--awb-spacing-right-small:1.92%;--awb-spacing-left-small:1.92%;\"><div class=\"fusion-column-wrapper fusion-column-has-shadow fusion-flex-justify-content-flex-start fusion-content-layout-column\"><div class=\"fusion-title title fusion-title-1 fusion-sep-none fusion-title-center fusion-title-text fusion-title-size-one\"><h1 class=\"fusion-title-heading title-heading-center\" style=\"margin:0;\"><\/h1><\/div><\/div><\/div><\/div><\/div><div class=\"fusion-fullwidth fullwidth-box fusion-builder-row-2 fusion-flex-container has-pattern-background has-mask-background nonhundred-percent-fullwidth non-hundred-percent-height-scrolling\" style=\"--awb-border-radius-top-left:0px;--awb-border-radius-top-right:0px;--awb-border-radius-bottom-right:0px;--awb-border-radius-bottom-left:0px;--awb-flex-wrap:wrap;\" ><div class=\"fusion-builder-row fusion-row fusion-flex-align-items-flex-start fusion-flex-content-wrap\" style=\"max-width:1248px;margin-left: calc(-4% \/ 2 );margin-right: calc(-4% \/ 2 );\"><div class=\"fusion-layout-column fusion_builder_column fusion-builder-column-1 fusion_builder_column_1_2 1_2 fusion-flex-column\" style=\"--awb-bg-size:cover;--awb-width-large:50%;--awb-margin-top-large:0px;--awb-spacing-right-large:3.84%;--awb-margin-bottom-large:20px;--awb-spacing-left-large:3.84%;--awb-width-medium:50%;--awb-order-medium:0;--awb-spacing-right-medium:3.84%;--awb-spacing-left-medium:3.84%;--awb-width-small:100%;--awb-order-small:0;--awb-spacing-right-small:1.92%;--awb-spacing-left-small:1.92%;\"><div class=\"fusion-column-wrapper fusion-column-has-shadow fusion-flex-justify-content-flex-start fusion-content-layout-column\"><div class=\"fusion-title title fusion-title-2 fusion-sep-none fusion-title-text fusion-title-size-two\" style=\"--awb-text-color:#9e424d;\"><h2 class=\"fusion-title-heading title-heading-left\" style=\"margin:0;\"><p style=\"text-align: center;\">IN FRANCE<\/p><\/h2><\/div><div class=\"fusion-separator fusion-full-width-sep\" style=\"align-self: center;margin-left: auto;margin-right: auto;margin-top:15px;margin-bottom:5px;width:100%;\"><\/div><div class=\"fusion-text fusion-text-1\"><p style=\"text-align: center;\"><a href=\"https:\/\/brc.mnprojets.com\/contact\" target=\"_blank\" rel=\"noopener noreferrer\">MON ATELIER\u00a0<\/a> Samois<\/p>\n<p style=\"text-align: center;\"><a href=\"https:\/\/www.instagram.com\/biothentique.06\/\" target=\"_blank\" rel=\"noopener noreferrer\">BIOTHENTIQUE<\/a> Biot<\/p>\n<p style=\"text-align: center;\"><a href=\"https:\/\/www.galerieracontarts.com\/\">RACONTARTS<\/a> Lyon<\/p>\n<p style=\"text-align: center;\"><a href=\"https:\/\/www.36quaidesarts.com\/\">QUAI DES ARTS<\/a> Niort<\/p>\n<p style=\"text-align: center;\"><a href=\"https:\/\/www.elegance-interieur.fr\/\">ELEGENCE INTERIEURE<\/a> Rixheim<\/p>\n<p style=\"text-align: center;\"><a href=\"https:\/\/www.instagram.com\/lagalerietignes\/\">LA GALERIE<\/a> Tignes<\/p>\n<\/div><\/div><\/div><div class=\"fusion-layout-column fusion_builder_column fusion-builder-column-2 fusion_builder_column_1_2 1_2 fusion-flex-column\" style=\"--awb-bg-size:cover;--awb-width-large:50%;--awb-margin-top-large:0px;--awb-spacing-right-large:3.84%;--awb-margin-bottom-large:20px;--awb-spacing-left-large:3.84%;--awb-width-medium:50%;--awb-order-medium:0;--awb-spacing-right-medium:3.84%;--awb-spacing-left-medium:3.84%;--awb-width-small:100%;--awb-order-small:0;--awb-spacing-right-small:1.92%;--awb-spacing-left-small:1.92%;\"><div class=\"fusion-column-wrapper fusion-column-has-shadow fusion-flex-justify-content-flex-start fusion-content-layout-column\"><div class=\"fusion-title title fusion-title-3 fusion-sep-none fusion-title-text fusion-title-size-two\" style=\"--awb-text-color:#9e424d;\"><h2 class=\"fusion-title-heading title-heading-left\" style=\"margin:0;\"><p style=\"text-align: center;\">ELSEWHERE<\/p><\/h2><\/div><div class=\"fusion-separator fusion-full-width-sep\" style=\"align-self: center;margin-left: auto;margin-right: auto;margin-top:15px;margin-bottom:5px;width:100%;\"><\/div><div class=\"fusion-text fusion-text-2\"><p style=\"text-align: center;\">ETHOS OF GAIA Athens &#8211; Greece<\/p>\n<p style=\"text-align: center;\"><a href=\"https:\/\/www.instagram.com\/joinhandcrafted\/\">JOIN<\/a> Penzance &#8211; UK<\/p>\n<p style=\"text-align: center;\"><a href=\"https:\/\/www.bamford.com\/eu\/\">BAMFORD BARN<\/a> Moreton &#8211; UK<\/p>\n<p style=\"text-align: center;\"><a href=\"https:\/\/www.bamford.com\/eu\/\">BAMFORD SOUTH AUDLEY<\/a> Mayfair London &#8211; UK<\/p>\n<p style=\"text-align: center;\"><a href=\"https:\/\/www.bkantiques.com\/\" target=\"_blank\" rel=\"noopener noreferrer\">BK ANTIQUES<\/a>\u00a0 NewYork city &#8211; USA<\/p>\n<p style=\"text-align: center;\"><a href=\"https:\/\/clic.com\/?srsltid=AfmBOopfrD1i9kzb4YUeZh87F-5mioIDDzKh3weFMhIqmqg9jp2uALB8\">CLIC<\/a> NewYork city- USA<\/p>\n<p style=\"text-align: center;\"><a href=\"https:\/\/www.edensmith.ca\/\">EDEN SMITH HOME<\/a>\u00a0Toronto Canada<\/p>\n<p style=\"text-align: center;\"><a href=\"http:\/\/www.tiendschuur.net\/\" target=\"_blank\" rel=\"noopener noreferrer\">KARAMIEKCENTRUM TIENDSCHUUR\u00a0<\/a>Telegen &#8211; Holland<\/p>\n<p style=\"text-align: center;\"><a href=\"https:\/\/www.instagram.com\/t.designbergamo?igshid=YmMyMTA2M2Y%3D\" target=\"_blank\" rel=\"noopener noreferrer\">TDESIGN <\/a>Bergamo &#8211; Italy<\/p>\n<p style=\"text-align: center;\"><a href=\"https:\/\/herzsache.ch\/\" target=\"_blank\" rel=\"noopener noreferrer\">HERZACHE <\/a>Rapperswil &#8211; Switzerland<\/p>\n<\/div><\/div><\/div><\/div><\/div><div class=\"fusion-fullwidth fullwidth-box fusion-builder-row-3 fusion-flex-container has-pattern-background has-mask-background nonhundred-percent-fullwidth non-hundred-percent-height-scrolling\" style=\"--awb-border-radius-top-left:0px;--awb-border-radius-top-right:0px;--awb-border-radius-bottom-right:0px;--awb-border-radius-bottom-left:0px;--awb-margin-top:40px;--awb-flex-wrap:wrap;\" ><div class=\"fusion-builder-row fusion-row fusion-flex-align-items-flex-start fusion-flex-content-wrap\" style=\"max-width:1248px;margin-left: calc(-4% \/ 2 );margin-right: calc(-4% \/ 2 );\"><div class=\"fusion-layout-column fusion_builder_column fusion-builder-column-3 fusion_builder_column_1_1 1_1 fusion-flex-column\" style=\"--awb-bg-size:cover;--awb-width-large:100%;--awb-margin-top-large:0px;--awb-spacing-right-large:1.92%;--awb-margin-bottom-large:20px;--awb-spacing-left-large:1.92%;--awb-width-medium:100%;--awb-order-medium:0;--awb-spacing-right-medium:1.92%;--awb-spacing-left-medium:1.92%;--awb-width-small:100%;--awb-order-small:0;--awb-spacing-right-small:1.92%;--awb-spacing-left-small:1.92%;\"><div class=\"fusion-column-wrapper fusion-column-has-shadow fusion-flex-justify-content-flex-start fusion-content-layout-column\"><div class=\"fusion-image-element \" style=\"text-align:center;--awb-max-width:120px;--awb-caption-title-font-family:var(--h2_typography-font-family);--awb-caption-title-font-weight:var(--h2_typography-font-weight);--awb-caption-title-font-style:var(--h2_typography-font-style);--awb-caption-title-size:var(--h2_typography-font-size);--awb-caption-title-transform:var(--h2_typography-text-transform);--awb-caption-title-line-height:var(--h2_typography-line-height);--awb-caption-title-letter-spacing:var(--h2_typography-letter-spacing);\"><span class=\" fusion-imageframe imageframe-none imageframe-1 hover-type-none\"><img decoding=\"async\" width=\"233\" height=\"172\" title=\"Atelier Art de France _LOGO-195&#215;14-mm-NOIR-SUR-FOND-BLANC\" src=\"https:\/\/www.berangereceramiques.fr\/wp-content\/uploads\/2023\/05\/Atelier-Art-de-France-_LOGO-195x14-mm-NOIR-SUR-FOND-BLANC.png\" alt class=\"img-responsive wp-image-100\" srcset=\"https:\/\/www.berangereceramiques.fr\/wp-content\/uploads\/2023\/05\/Atelier-Art-de-France-_LOGO-195x14-mm-NOIR-SUR-FOND-BLANC-200x148.png 200w, https:\/\/www.berangereceramiques.fr\/wp-content\/uploads\/2023\/05\/Atelier-Art-de-France-_LOGO-195x14-mm-NOIR-SUR-FOND-BLANC.png 233w\" sizes=\"(max-width: 640px) 100vw, 233px\" \/><\/span><\/div><\/div><\/div><\/div><\/div>\n<\/p>\n","protected":false},"excerpt":{"rendered":"","protected":false},"author":1,"featured_media":0,"parent":0,"menu_order":0,"comment_status":"closed","ping_status":"closed","template":"","meta":{"footnotes":""},"class_list":["post-170","page","type-page","status-publish","hentry"],"yoast_head":"<!-- This site is optimized with the Yoast SEO plugin v26.8 - https:\/\/yoast.com\/product\/yoast-seo-wordpress\/ -->\n<title>Resellers - B\u00e9rang\u00e8re C\u00e9ramiques - Porcelaine &amp; Art de la table<\/title>\n<meta name=\"robots\" content=\"index, follow, max-snippet:-1, max-image-preview:large, max-video-preview:-1\" \/>\n<link rel=\"canonical\" href=\"https:\/\/www.berangereceramiques.fr\/en\/resellers\" \/>\n<meta property=\"og:locale\" content=\"en_US\" \/>\n<meta property=\"og:type\" content=\"article\" \/>\n<meta property=\"og:title\" content=\"Resellers - B\u00e9rang\u00e8re C\u00e9ramiques - Porcelaine &amp; Art de la table\" \/>\n<meta property=\"og:url\" content=\"https:\/\/www.berangereceramiques.fr\/en\/resellers\" \/>\n<meta property=\"og:site_name\" content=\"B\u00e9rang\u00e8re C\u00e9ramiques - Porcelaine &amp; Art de la table\" \/>\n<meta property=\"article:publisher\" content=\"https:\/\/www.facebook.com\/BerangereCeramics\/\" \/>\n<meta property=\"article:modified_time\" content=\"2026-03-06T12:00:30+00:00\" \/>\n<meta name=\"twitter:card\" content=\"summary_large_image\" \/>\n<meta name=\"twitter:label1\" content=\"Est. reading time\" \/>\n\t<meta name=\"twitter:data1\" content=\"1 minute\" \/>\n<script type=\"application\/ld+json\" class=\"yoast-schema-graph\">{\"@context\":\"https:\/\/schema.org\",\"@graph\":[{\"@type\":\"WebPage\",\"@id\":\"https:\/\/www.berangereceramiques.fr\/en\/resellers\",\"url\":\"https:\/\/www.berangereceramiques.fr\/en\/resellers\",\"name\":\"Resellers - B\u00e9rang\u00e8re C\u00e9ramiques - Porcelaine &amp; Art de la table\",\"isPartOf\":{\"@id\":\"https:\/\/www.berangereceramiques.fr\/#website\"},\"datePublished\":\"2023-05-23T05:20:08+00:00\",\"dateModified\":\"2026-03-06T12:00:30+00:00\",\"breadcrumb\":{\"@id\":\"https:\/\/www.berangereceramiques.fr\/en\/resellers#breadcrumb\"},\"inLanguage\":\"en-US\",\"potentialAction\":[{\"@type\":\"ReadAction\",\"target\":[\"https:\/\/www.berangereceramiques.fr\/en\/resellers\"]}]},{\"@type\":\"BreadcrumbList\",\"@id\":\"https:\/\/www.berangereceramiques.fr\/en\/resellers#breadcrumb\",\"itemListElement\":[{\"@type\":\"ListItem\",\"position\":1,\"name\":\"Accueil\",\"item\":\"https:\/\/www.berangereceramiques.fr\/en\"},{\"@type\":\"ListItem\",\"position\":2,\"name\":\"Resellers\"}]},{\"@type\":\"WebSite\",\"@id\":\"https:\/\/www.berangereceramiques.fr\/#website\",\"url\":\"https:\/\/www.berangereceramiques.fr\/\",\"name\":\"B\u00e9rang\u00e8re C\u00e9ramiques - Porcelaine & Arte de la table\",\"description\":\"Fonctionnelles ou d\u00e9coratives, petites s\u00e9ries ou pi\u00e8ces uniques\",\"publisher\":{\"@id\":\"https:\/\/www.berangereceramiques.fr\/#organization\"},\"potentialAction\":[{\"@type\":\"SearchAction\",\"target\":{\"@type\":\"EntryPoint\",\"urlTemplate\":\"https:\/\/www.berangereceramiques.fr\/?s={search_term_string}\"},\"query-input\":{\"@type\":\"PropertyValueSpecification\",\"valueRequired\":true,\"valueName\":\"search_term_string\"}}],\"inLanguage\":\"en-US\"},{\"@type\":\"Organization\",\"@id\":\"https:\/\/www.berangereceramiques.fr\/#organization\",\"name\":\"B\u00e9rang\u00e8re C\u00e9ramiques - Porcelaine & Arte de la table\",\"url\":\"https:\/\/www.berangereceramiques.fr\/\",\"logo\":{\"@type\":\"ImageObject\",\"inLanguage\":\"en-US\",\"@id\":\"https:\/\/www.berangereceramiques.fr\/#\/schema\/logo\/image\/\",\"url\":\"https:\/\/www.berangereceramiques.fr\/wp-content\/uploads\/2023\/05\/Logo-Berangere-Ceramiques.png\",\"contentUrl\":\"https:\/\/www.berangereceramiques.fr\/wp-content\/uploads\/2023\/05\/Logo-Berangere-Ceramiques.png\",\"width\":520,\"height\":169,\"caption\":\"B\u00e9rang\u00e8re C\u00e9ramiques - Porcelaine & Arte de la table\"},\"image\":{\"@id\":\"https:\/\/www.berangereceramiques.fr\/#\/schema\/logo\/image\/\"},\"sameAs\":[\"https:\/\/www.facebook.com\/BerangereCeramics\/\",\"https:\/\/www.instagram.com\/berangereceramics\/\"]}]}<\/script>\n<!-- \/ Yoast SEO plugin. -->","yoast_head_json":{"title":"Resellers - B\u00e9rang\u00e8re C\u00e9ramiques - Porcelaine &amp; Art de la table","robots":{"index":"index","follow":"follow","max-snippet":"max-snippet:-1","max-image-preview":"max-image-preview:large","max-video-preview":"max-video-preview:-1"},"canonical":"https:\/\/www.berangereceramiques.fr\/en\/resellers","og_locale":"en_US","og_type":"article","og_title":"Resellers - B\u00e9rang\u00e8re C\u00e9ramiques - Porcelaine &amp; Art de la table","og_url":"https:\/\/www.berangereceramiques.fr\/en\/resellers","og_site_name":"B\u00e9rang\u00e8re C\u00e9ramiques - Porcelaine &amp; Art de la table","article_publisher":"https:\/\/www.facebook.com\/BerangereCeramics\/","article_modified_time":"2026-03-06T12:00:30+00:00","twitter_card":"summary_large_image","twitter_misc":{"Est. reading time":"1 minute"},"schema":{"@context":"https:\/\/schema.org","@graph":[{"@type":"WebPage","@id":"https:\/\/www.berangereceramiques.fr\/en\/resellers","url":"https:\/\/www.berangereceramiques.fr\/en\/resellers","name":"Resellers - B\u00e9rang\u00e8re C\u00e9ramiques - Porcelaine &amp; Art de la table","isPartOf":{"@id":"https:\/\/www.berangereceramiques.fr\/#website"},"datePublished":"2023-05-23T05:20:08+00:00","dateModified":"2026-03-06T12:00:30+00:00","breadcrumb":{"@id":"https:\/\/www.berangereceramiques.fr\/en\/resellers#breadcrumb"},"inLanguage":"en-US","potentialAction":[{"@type":"ReadAction","target":["https:\/\/www.berangereceramiques.fr\/en\/resellers"]}]},{"@type":"BreadcrumbList","@id":"https:\/\/www.berangereceramiques.fr\/en\/resellers#breadcrumb","itemListElement":[{"@type":"ListItem","position":1,"name":"Accueil","item":"https:\/\/www.berangereceramiques.fr\/en"},{"@type":"ListItem","position":2,"name":"Resellers"}]},{"@type":"WebSite","@id":"https:\/\/www.berangereceramiques.fr\/#website","url":"https:\/\/www.berangereceramiques.fr\/","name":"B\u00e9rang\u00e8re C\u00e9ramiques - Porcelaine & Arte de la table","description":"Fonctionnelles ou d\u00e9coratives, petites s\u00e9ries ou pi\u00e8ces uniques","publisher":{"@id":"https:\/\/www.berangereceramiques.fr\/#organization"},"potentialAction":[{"@type":"SearchAction","target":{"@type":"EntryPoint","urlTemplate":"https:\/\/www.berangereceramiques.fr\/?s={search_term_string}"},"query-input":{"@type":"PropertyValueSpecification","valueRequired":true,"valueName":"search_term_string"}}],"inLanguage":"en-US"},{"@type":"Organization","@id":"https:\/\/www.berangereceramiques.fr\/#organization","name":"B\u00e9rang\u00e8re C\u00e9ramiques - Porcelaine & Arte de la table","url":"https:\/\/www.berangereceramiques.fr\/","logo":{"@type":"ImageObject","inLanguage":"en-US","@id":"https:\/\/www.berangereceramiques.fr\/#\/schema\/logo\/image\/","url":"https:\/\/www.berangereceramiques.fr\/wp-content\/uploads\/2023\/05\/Logo-Berangere-Ceramiques.png","contentUrl":"https:\/\/www.berangereceramiques.fr\/wp-content\/uploads\/2023\/05\/Logo-Berangere-Ceramiques.png","width":520,"height":169,"caption":"B\u00e9rang\u00e8re C\u00e9ramiques - Porcelaine & Arte de la table"},"image":{"@id":"https:\/\/www.berangereceramiques.fr\/#\/schema\/logo\/image\/"},"sameAs":["https:\/\/www.facebook.com\/BerangereCeramics\/","https:\/\/www.instagram.com\/berangereceramics\/"]}]}},"_links":{"self":[{"href":"https:\/\/www.berangereceramiques.fr\/en\/wp-json\/wp\/v2\/pages\/170","targetHints":{"allow":["GET"]}}],"collection":[{"href":"https:\/\/www.berangereceramiques.fr\/en\/wp-json\/wp\/v2\/pages"}],"about":[{"href":"https:\/\/www.berangereceramiques.fr\/en\/wp-json\/wp\/v2\/types\/page"}],"author":[{"embeddable":true,"href":"https:\/\/www.berangereceramiques.fr\/en\/wp-json\/wp\/v2\/users\/1"}],"replies":[{"embeddable":true,"href":"https:\/\/www.berangereceramiques.fr\/en\/wp-json\/wp\/v2\/comments?post=170"}],"version-history":[{"count":25,"href":"https:\/\/www.berangereceramiques.fr\/en\/wp-json\/wp\/v2\/pages\/170\/revisions"}],"predecessor-version":[{"id":1311,"href":"https:\/\/www.berangereceramiques.fr\/en\/wp-json\/wp\/v2\/pages\/170\/revisions\/1311"}],"wp:attachment":[{"href":"https:\/\/www.berangereceramiques.fr\/en\/wp-json\/wp\/v2\/media?parent=170"}],"curies":[{"name":"wp","href":"https:\/\/api.w.org\/{rel}","templated":true}]}}