{"id":166,"date":"2023-05-23T05:07:28","date_gmt":"2023-05-23T05:07:28","guid":{"rendered":"https:\/\/brc.mnprojets.com\/actualites"},"modified":"2025-12-04T14:05:06","modified_gmt":"2025-12-04T14:05:06","slug":"actualites","status":"publish","type":"page","link":"https:\/\/www.berangereceramiques.fr\/en\/actualites","title":{"rendered":"News"},"content":{"rendered":"<p><div class=\"fusion-fullwidth fullwidth-box fusion-builder-row-1 fusion-flex-container has-pattern-background has-mask-background nonhundred-percent-fullwidth non-hundred-percent-height-scrolling\" style=\"--awb-border-radius-top-left:0px;--awb-border-radius-top-right:0px;--awb-border-radius-bottom-right:0px;--awb-border-radius-bottom-left:0px;--awb-flex-wrap:wrap;\" ><div class=\"fusion-builder-row fusion-row fusion-flex-align-items-flex-start fusion-flex-content-wrap\" style=\"max-width:1248px;margin-left: calc(-4% \/ 2 );margin-right: calc(-4% \/ 2 );\"><div class=\"fusion-layout-column fusion_builder_column fusion-builder-column-0 fusion_builder_column_1_1 1_1 fusion-flex-column\" style=\"--awb-bg-size:cover;--awb-width-large:100%;--awb-margin-top-large:0px;--awb-spacing-right-large:1.92%;--awb-margin-bottom-large:20px;--awb-spacing-left-large:1.92%;--awb-width-medium:100%;--awb-order-medium:0;--awb-spacing-right-medium:1.92%;--awb-spacing-left-medium:1.92%;--awb-width-small:100%;--awb-order-small:0;--awb-spacing-right-small:1.92%;--awb-spacing-left-small:1.92%;\"><div class=\"fusion-column-wrapper fusion-column-has-shadow fusion-flex-justify-content-flex-start fusion-content-layout-column\"><div class=\"fusion-title title fusion-title-1 fusion-sep-none fusion-title-center fusion-title-text fusion-title-size-one\"><h1 class=\"fusion-title-heading title-heading-center\" style=\"margin:0;\"><\/h1><\/div><\/div><\/div><\/div><\/div><div class=\"fusion-fullwidth fullwidth-box fusion-builder-row-2 fusion-flex-container has-pattern-background has-mask-background nonhundred-percent-fullwidth non-hundred-percent-height-scrolling\" style=\"--awb-border-radius-top-left:0px;--awb-border-radius-top-right:0px;--awb-border-radius-bottom-right:0px;--awb-border-radius-bottom-left:0px;--awb-flex-wrap:wrap;\" ><div class=\"fusion-builder-row fusion-row fusion-flex-align-items-flex-start fusion-flex-content-wrap\" style=\"max-width:1248px;margin-left: calc(-4% \/ 2 );margin-right: calc(-4% \/ 2 );\"><div class=\"fusion-layout-column fusion_builder_column fusion-builder-column-1 fusion_builder_column_1_1 1_1 fusion-flex-column\" style=\"--awb-bg-size:cover;--awb-width-large:100%;--awb-margin-top-large:0px;--awb-spacing-right-large:1.92%;--awb-margin-bottom-large:20px;--awb-spacing-left-large:1.92%;--awb-width-medium:100%;--awb-order-medium:0;--awb-spacing-right-medium:1.92%;--awb-spacing-left-medium:1.92%;--awb-width-small:100%;--awb-order-small:0;--awb-spacing-right-small:1.92%;--awb-spacing-left-small:1.92%;\"><div class=\"fusion-column-wrapper fusion-column-has-shadow fusion-flex-justify-content-flex-start fusion-content-layout-column\"><div class=\"fusion-title title fusion-title-2 fusion-sep-none fusion-title-text fusion-title-size-two\" style=\"--awb-text-color:#9e424d;\"><h2 class=\"fusion-title-heading title-heading-left\" style=\"margin:0;\"><p style=\"text-align: left;\">2026<\/p><\/h2><\/div><div class=\"fusion-text fusion-text-1\"><ul>\n<li>15-19 January : <a href=\"https:\/\/www.maison-objet.com\/paris\">Maison&amp;Objet<\/a>, Paris<\/li>\n<li>4-6 April : <a href=\"https:\/\/www.80potiers-tulipes.ch\/\">80 potiers dans les tulipes<\/a>, Morges, Switzerland<\/li>\n<\/ul>\n<\/div><div class=\"fusion-title title fusion-title-3 fusion-sep-none fusion-title-text fusion-title-size-two\" style=\"--awb-text-color:#9e424d;\"><h2 class=\"fusion-title-heading title-heading-left\" style=\"margin:0;\"><p style=\"text-align: left;\">2025<\/p><\/h2><\/div><div class=\"fusion-text fusion-text-2\"><ul>\n<li>16-20 January : <a href=\"https:\/\/www.maison-objet.com\/paris\">Maison&amp;Objet<\/a>, Paris<\/li>\n<li>5-6 April : <a href=\"https:\/\/www.80potiers-tulipes.ch\/\">80 potiers dans les tulipes<\/a>, Morges, Switzerland<\/li>\n<li>14-15 June : <a href=\"http:\/\/www.eveilceramique.fr\/\">March\u00e9 de Corseul<\/a>, France<\/li>\n<li>6-7 September : <a href=\"https:\/\/www.keramikpanorama.ch\/\">KeramikPanorama<\/a>, Morat, Switzerland<\/li>\n<li>23-23 November : <a href=\"https:\/\/www.instagram.com\/papoterie_sud77\/\">De La Terre Au Bol<\/a>, Samois, France<\/li>\n<li>6 December : Noel \u00e0 l&#8217;atelier, Samois, France<\/li>\n<\/ul>\n<\/div><div class=\"fusion-text fusion-text-3\"><p><strong>2024<\/strong><\/p>\n<ul>\n<li>18-22 January : Maison&amp;Objet, Paris<\/li>\n<li>8-9 June : Jardins enchant\u00e9s, Samois<\/li>\n<li>30 Nov : <a href=\"https:\/\/www.instagram.com\/papoterie_sud77\/\">De la Terre au Bol<\/a>, Samois<\/li>\n<li>6 Dec : No\u00ebl \u00e0 l\u2019atelier, Samois<\/li>\n<\/ul>\n<\/div><div class=\"fusion-text fusion-text-4\"><p><strong>2023<\/strong><\/p>\n<ul>\n<li>15 <strong>\u2013<\/strong> 16 april: <a href=\"http:\/\/morges.potiers.ch\/\" target=\"_blank\" rel=\"noopener\">Weekend de la c\u00e9ramique<\/a>, Morges, Switzerland<\/li>\n<li>10 \u2013 11 june: <a href=\"https:\/\/www.maisondelaceramique.fr\/edition-en-cours\/\" target=\"_blank\" rel=\"noopener\">Biennale C\u00e9ramique<\/a>, Dieulefit, France<\/li>\n<li>9 \u2013 10 september: <a href=\"https:\/\/www.keramikpanorama.ch\/en\/keramikpanorama\" target=\"_blank\" rel=\"noopener\">KeramikPanorama<\/a>, Morat, Switzerland<\/li>\n<li>30 september \u2013 01 october: Festival c\u00e9ramiques, Poterie de la Genevraye, France<\/li>\n<\/ul>\n<div class=\"fusion-text fusion-text-1\"><\/div>\n<\/div><div class=\"fusion-text fusion-text-5\"><h3>2022<\/h3>\n<ul>\n<li>march 24 to 28 : <a href=\"https:\/\/www.maison-objet.com\/en\/paris\/exhibitors\/january-2019\/berangere-ceramiques\">Maison &amp; Objet,<\/a> Paris<\/li>\n<li>april 8 to 10 :\u00a0 <a href=\"https:\/\/www.ceramicartlondon.com\/\">Ceramic Art London<\/a><\/li>\n<li>october 21 to 23 : <a href=\"https:\/\/pieces-uniques.com\/\">Pi\u00e8ces Uniques<\/a>, Rennes<\/li>\n<li>november 18 to 20 :\u00a0<a href=\"https:\/\/www.artinclayfarnham.co.uk\/\">Art in Clay<\/a>, Farnham, England<\/li>\n<\/ul>\n<\/div><div class=\"fusion-text fusion-text-6\"><h3>2021<\/h3>\n<ul>\n<li>january 22 to 26: <a href=\"https:\/\/www.maison-objet.com\/en\/paris\/exhibitors\/january-2019\/berangere-ceramiques\">Maison &amp; Objet,<\/a> Paris<\/li>\n<li><strong>CANCELED\u00a0<\/strong> april 9 to 11: <a href=\"https:\/\/www.facebook.com\/events\/central-saint-martins\/ceramic-art-london-2020\/482739362283311\/\">Ceramic Art London<\/a><\/li>\n<li>september 4 to 5: <a href=\"https:\/\/metiersdart.ch\/fr_CH\/actualites\/panorama-ceramique-2021\">Morat Keramik<\/a>, Panorama, Switzerland<\/li>\n<li>september 11 to october 1st: <a href=\"https:\/\/www.facebook.com\/lecouventdetreigny\/posts\/expo-tas-ta-tasse-au-couvent-de-treigny-8925-exposants-11-sept-1er-nov-2021quelq\/4780159008696066\/\">Exposition \u00ab\u00a0T\u2019as ta tasse\u00a0\u00bb<\/a>, Couvent de Treigny<\/li>\n<\/ul>\n<\/div><div class=\"fusion-text fusion-text-7\"><h3 class=\"m_-2208175109964593321gmail-p1\">2020<\/h3>\n<ul>\n<li>january 16 to 21: <a href=\"https:\/\/www.maison-objet.com\/en\/paris\/exhibitors\/january-2019\/berangere-ceramiques\">Maison &amp; Objet,<\/a> Paris<\/li>\n<li><strong>CANCELED<\/strong> march 20 to 22: <a href=\"https:\/\/www.facebook.com\/events\/central-saint-martins\/ceramic-art-london-2020\/482739362283311\/\">Ceramic Art London<\/a><\/li>\n<li><strong>CANCELED <\/strong>june 6 to 7: <a href=\"https:\/\/www.facebook.com\/events\/135-rue-du-g%C3%A9n%C3%A9ral-de-gaulle-77780-bourron-marlotte-france\/biennale-ceramica-de-bourron-marlotte\/446917532397791\/\">Ceramica<\/a>, Bourron-Marlotte<\/li>\n<li><strong>CANCELED <\/strong>september 5 to 6: <a href=\"http:\/\/www.keramikpanorama.ch\/\">Keramik Panorama<\/a>, Switzerland<\/li>\n<li>november 14 to 15: <a href=\"https:\/\/www.artinclayfarnham.co.uk\/\">Art-In-Clay<\/a>, Farnham, England<\/li>\n<li>december 6: Open doors at my studio in Samois<\/li>\n<\/ul>\n<\/div><div class=\"fusion-text fusion-text-8\"><h3 class=\"m_-2208175109964593321gmail-p1\">2019 and earlier<\/h3>\n<ul>\n<li><a href=\"http:\/\/www.maison-objet.com\/en\/paris\/exhibitors\/january-2017\/berangere-ceramiques?offset=0\">Maison &amp; Objet,<\/a>\u00a0Paris<\/li>\n<li>Jeux de Dames, Fontainebleau<\/li>\n<li>Festival de la c\u00e9ramique, Couvent de Treigny<\/li>\n<li>Galerie Argile, Clermont-Ferrand<\/li>\n<li>Keramisto, Holland<\/li>\n<li>Les Cr\u00e9ateurs, Enghien<\/li>\n<li><a href=\"https:\/\/www.artinclay.co.uk\/farnham\/\">Art In Clay<\/a>, Farnham, England<\/li>\n<li><a href=\"http:\/\/www.ceramicartandenne.be\/\">Biennale internationale de la c\u00e9ramique<\/a>,\u00a0Andenne, Belgium<\/li>\n<li><a href=\"https:\/\/www.officeculturel.com\/terralha\/festival\/\">Terralha<\/a> C\u00e9ramique Contemporaine, Saint Quentin La Poterie<\/li>\n<li><a href=\"http:\/\/www.tupiniers.com\/\">Les Tupiniers du vieux Lyon<\/a>, Lyon<\/li>\n<li><a href=\"http:\/\/www.lesartsdufeu.com\/\">Les Arts du Feu<\/a>, Rennes<\/li>\n<li>Festival c\u00e9ramique Mouffetard, Paris<\/li>\n<li><a href=\"https:\/\/www.artinclay.co.uk\/farnham\/\">Art In Clay<\/a>, Hatfield, England<\/li>\n<li>March\u00e9 de Potiers, Milly-la-F\u00f4ret<\/li>\n<li>Tout Feu Tout Flamme, Saint Leu La For\u00eat<\/li>\n<li>Les Journ\u00e9es Europ\u00e9ennes des M\u00e9tiers d\u2019Art (JeMA) in my studio<\/li>\n<\/ul>\n<\/div><\/div><\/div><\/div><\/div><div class=\"fusion-fullwidth fullwidth-box fusion-builder-row-3 fusion-flex-container has-pattern-background has-mask-background nonhundred-percent-fullwidth non-hundred-percent-height-scrolling\" style=\"--awb-border-radius-top-left:0px;--awb-border-radius-top-right:0px;--awb-border-radius-bottom-right:0px;--awb-border-radius-bottom-left:0px;--awb-margin-top:40px;--awb-flex-wrap:wrap;\" ><div class=\"fusion-builder-row fusion-row fusion-flex-align-items-flex-start fusion-flex-content-wrap\" style=\"max-width:1248px;margin-left: calc(-4% \/ 2 );margin-right: calc(-4% \/ 2 );\"><div class=\"fusion-layout-column fusion_builder_column fusion-builder-column-2 fusion_builder_column_1_1 1_1 fusion-flex-column\" style=\"--awb-bg-size:cover;--awb-width-large:100%;--awb-margin-top-large:0px;--awb-spacing-right-large:1.92%;--awb-margin-bottom-large:20px;--awb-spacing-left-large:1.92%;--awb-width-medium:100%;--awb-order-medium:0;--awb-spacing-right-medium:1.92%;--awb-spacing-left-medium:1.92%;--awb-width-small:100%;--awb-order-small:0;--awb-spacing-right-small:1.92%;--awb-spacing-left-small:1.92%;\"><div class=\"fusion-column-wrapper fusion-column-has-shadow fusion-flex-justify-content-flex-start fusion-content-layout-column\"><div class=\"fusion-image-element \" style=\"text-align:center;--awb-max-width:120px;--awb-caption-title-font-family:var(--h2_typography-font-family);--awb-caption-title-font-weight:var(--h2_typography-font-weight);--awb-caption-title-font-style:var(--h2_typography-font-style);--awb-caption-title-size:var(--h2_typography-font-size);--awb-caption-title-transform:var(--h2_typography-text-transform);--awb-caption-title-line-height:var(--h2_typography-line-height);--awb-caption-title-letter-spacing:var(--h2_typography-letter-spacing);\"><span class=\" fusion-imageframe imageframe-none imageframe-1 hover-type-none\"><img decoding=\"async\" width=\"233\" height=\"172\" title=\"Atelier Art de France _LOGO-195&#215;14-mm-NOIR-SUR-FOND-BLANC\" src=\"https:\/\/www.berangereceramiques.fr\/wp-content\/uploads\/2023\/05\/Atelier-Art-de-France-_LOGO-195x14-mm-NOIR-SUR-FOND-BLANC.png\" alt class=\"img-responsive wp-image-100\" srcset=\"https:\/\/www.berangereceramiques.fr\/wp-content\/uploads\/2023\/05\/Atelier-Art-de-France-_LOGO-195x14-mm-NOIR-SUR-FOND-BLANC-200x148.png 200w, https:\/\/www.berangereceramiques.fr\/wp-content\/uploads\/2023\/05\/Atelier-Art-de-France-_LOGO-195x14-mm-NOIR-SUR-FOND-BLANC.png 233w\" sizes=\"(max-width: 640px) 100vw, 233px\" \/><\/span><\/div><\/div><\/div><\/div><\/div>\n<\/p>\n","protected":false},"excerpt":{"rendered":"","protected":false},"author":1,"featured_media":0,"parent":0,"menu_order":0,"comment_status":"closed","ping_status":"closed","template":"100-width.php","meta":{"footnotes":""},"class_list":["post-166","page","type-page","status-publish","hentry"],"yoast_head":"<!-- This site is optimized with the Yoast SEO plugin v26.8 - https:\/\/yoast.com\/product\/yoast-seo-wordpress\/ -->\n<title>News - B\u00e9rang\u00e8re C\u00e9ramiques - Porcelaine &amp; Art de la table<\/title>\n<meta name=\"robots\" content=\"index, follow, max-snippet:-1, max-image-preview:large, max-video-preview:-1\" \/>\n<link rel=\"canonical\" href=\"https:\/\/www.berangereceramiques.fr\/en\/actualites\" \/>\n<meta property=\"og:locale\" content=\"en_US\" \/>\n<meta property=\"og:type\" content=\"article\" \/>\n<meta property=\"og:title\" content=\"News - B\u00e9rang\u00e8re C\u00e9ramiques - Porcelaine &amp; Art de la table\" \/>\n<meta property=\"og:url\" content=\"https:\/\/www.berangereceramiques.fr\/en\/actualites\" \/>\n<meta property=\"og:site_name\" content=\"B\u00e9rang\u00e8re C\u00e9ramiques - Porcelaine &amp; Art de la table\" \/>\n<meta property=\"article:publisher\" content=\"https:\/\/www.facebook.com\/BerangereCeramics\/\" \/>\n<meta property=\"article:modified_time\" content=\"2025-12-04T14:05:06+00:00\" \/>\n<meta name=\"twitter:card\" content=\"summary_large_image\" \/>\n<meta name=\"twitter:label1\" content=\"Est. reading time\" \/>\n\t<meta name=\"twitter:data1\" content=\"2 minutes\" \/>\n<script type=\"application\/ld+json\" class=\"yoast-schema-graph\">{\"@context\":\"https:\/\/schema.org\",\"@graph\":[{\"@type\":\"WebPage\",\"@id\":\"https:\/\/www.berangereceramiques.fr\/en\/actualites\",\"url\":\"https:\/\/www.berangereceramiques.fr\/en\/actualites\",\"name\":\"News - B\u00e9rang\u00e8re C\u00e9ramiques - Porcelaine &amp; Art de la table\",\"isPartOf\":{\"@id\":\"https:\/\/www.berangereceramiques.fr\/#website\"},\"datePublished\":\"2023-05-23T05:07:28+00:00\",\"dateModified\":\"2025-12-04T14:05:06+00:00\",\"breadcrumb\":{\"@id\":\"https:\/\/www.berangereceramiques.fr\/en\/actualites#breadcrumb\"},\"inLanguage\":\"en-US\",\"potentialAction\":[{\"@type\":\"ReadAction\",\"target\":[\"https:\/\/www.berangereceramiques.fr\/en\/actualites\"]}]},{\"@type\":\"BreadcrumbList\",\"@id\":\"https:\/\/www.berangereceramiques.fr\/en\/actualites#breadcrumb\",\"itemListElement\":[{\"@type\":\"ListItem\",\"position\":1,\"name\":\"Accueil\",\"item\":\"https:\/\/www.berangereceramiques.fr\/en\"},{\"@type\":\"ListItem\",\"position\":2,\"name\":\"News\"}]},{\"@type\":\"WebSite\",\"@id\":\"https:\/\/www.berangereceramiques.fr\/#website\",\"url\":\"https:\/\/www.berangereceramiques.fr\/\",\"name\":\"B\u00e9rang\u00e8re C\u00e9ramiques - Porcelaine & Arte de la table\",\"description\":\"Fonctionnelles ou d\u00e9coratives, petites s\u00e9ries ou pi\u00e8ces uniques\",\"publisher\":{\"@id\":\"https:\/\/www.berangereceramiques.fr\/#organization\"},\"potentialAction\":[{\"@type\":\"SearchAction\",\"target\":{\"@type\":\"EntryPoint\",\"urlTemplate\":\"https:\/\/www.berangereceramiques.fr\/?s={search_term_string}\"},\"query-input\":{\"@type\":\"PropertyValueSpecification\",\"valueRequired\":true,\"valueName\":\"search_term_string\"}}],\"inLanguage\":\"en-US\"},{\"@type\":\"Organization\",\"@id\":\"https:\/\/www.berangereceramiques.fr\/#organization\",\"name\":\"B\u00e9rang\u00e8re C\u00e9ramiques - Porcelaine & Arte de la table\",\"url\":\"https:\/\/www.berangereceramiques.fr\/\",\"logo\":{\"@type\":\"ImageObject\",\"inLanguage\":\"en-US\",\"@id\":\"https:\/\/www.berangereceramiques.fr\/#\/schema\/logo\/image\/\",\"url\":\"https:\/\/www.berangereceramiques.fr\/wp-content\/uploads\/2023\/05\/Logo-Berangere-Ceramiques.png\",\"contentUrl\":\"https:\/\/www.berangereceramiques.fr\/wp-content\/uploads\/2023\/05\/Logo-Berangere-Ceramiques.png\",\"width\":520,\"height\":169,\"caption\":\"B\u00e9rang\u00e8re C\u00e9ramiques - Porcelaine & Arte de la table\"},\"image\":{\"@id\":\"https:\/\/www.berangereceramiques.fr\/#\/schema\/logo\/image\/\"},\"sameAs\":[\"https:\/\/www.facebook.com\/BerangereCeramics\/\",\"https:\/\/www.instagram.com\/berangereceramics\/\"]}]}<\/script>\n<!-- \/ Yoast SEO plugin. -->","yoast_head_json":{"title":"News - B\u00e9rang\u00e8re C\u00e9ramiques - Porcelaine &amp; Art de la table","robots":{"index":"index","follow":"follow","max-snippet":"max-snippet:-1","max-image-preview":"max-image-preview:large","max-video-preview":"max-video-preview:-1"},"canonical":"https:\/\/www.berangereceramiques.fr\/en\/actualites","og_locale":"en_US","og_type":"article","og_title":"News - B\u00e9rang\u00e8re C\u00e9ramiques - Porcelaine &amp; Art de la table","og_url":"https:\/\/www.berangereceramiques.fr\/en\/actualites","og_site_name":"B\u00e9rang\u00e8re C\u00e9ramiques - Porcelaine &amp; Art de la table","article_publisher":"https:\/\/www.facebook.com\/BerangereCeramics\/","article_modified_time":"2025-12-04T14:05:06+00:00","twitter_card":"summary_large_image","twitter_misc":{"Est. reading time":"2 minutes"},"schema":{"@context":"https:\/\/schema.org","@graph":[{"@type":"WebPage","@id":"https:\/\/www.berangereceramiques.fr\/en\/actualites","url":"https:\/\/www.berangereceramiques.fr\/en\/actualites","name":"News - B\u00e9rang\u00e8re C\u00e9ramiques - Porcelaine &amp; Art de la table","isPartOf":{"@id":"https:\/\/www.berangereceramiques.fr\/#website"},"datePublished":"2023-05-23T05:07:28+00:00","dateModified":"2025-12-04T14:05:06+00:00","breadcrumb":{"@id":"https:\/\/www.berangereceramiques.fr\/en\/actualites#breadcrumb"},"inLanguage":"en-US","potentialAction":[{"@type":"ReadAction","target":["https:\/\/www.berangereceramiques.fr\/en\/actualites"]}]},{"@type":"BreadcrumbList","@id":"https:\/\/www.berangereceramiques.fr\/en\/actualites#breadcrumb","itemListElement":[{"@type":"ListItem","position":1,"name":"Accueil","item":"https:\/\/www.berangereceramiques.fr\/en"},{"@type":"ListItem","position":2,"name":"News"}]},{"@type":"WebSite","@id":"https:\/\/www.berangereceramiques.fr\/#website","url":"https:\/\/www.berangereceramiques.fr\/","name":"B\u00e9rang\u00e8re C\u00e9ramiques - Porcelaine & Arte de la table","description":"Fonctionnelles ou d\u00e9coratives, petites s\u00e9ries ou pi\u00e8ces uniques","publisher":{"@id":"https:\/\/www.berangereceramiques.fr\/#organization"},"potentialAction":[{"@type":"SearchAction","target":{"@type":"EntryPoint","urlTemplate":"https:\/\/www.berangereceramiques.fr\/?s={search_term_string}"},"query-input":{"@type":"PropertyValueSpecification","valueRequired":true,"valueName":"search_term_string"}}],"inLanguage":"en-US"},{"@type":"Organization","@id":"https:\/\/www.berangereceramiques.fr\/#organization","name":"B\u00e9rang\u00e8re C\u00e9ramiques - Porcelaine & Arte de la table","url":"https:\/\/www.berangereceramiques.fr\/","logo":{"@type":"ImageObject","inLanguage":"en-US","@id":"https:\/\/www.berangereceramiques.fr\/#\/schema\/logo\/image\/","url":"https:\/\/www.berangereceramiques.fr\/wp-content\/uploads\/2023\/05\/Logo-Berangere-Ceramiques.png","contentUrl":"https:\/\/www.berangereceramiques.fr\/wp-content\/uploads\/2023\/05\/Logo-Berangere-Ceramiques.png","width":520,"height":169,"caption":"B\u00e9rang\u00e8re C\u00e9ramiques - Porcelaine & Arte de la table"},"image":{"@id":"https:\/\/www.berangereceramiques.fr\/#\/schema\/logo\/image\/"},"sameAs":["https:\/\/www.facebook.com\/BerangereCeramics\/","https:\/\/www.instagram.com\/berangereceramics\/"]}]}},"_links":{"self":[{"href":"https:\/\/www.berangereceramiques.fr\/en\/wp-json\/wp\/v2\/pages\/166","targetHints":{"allow":["GET"]}}],"collection":[{"href":"https:\/\/www.berangereceramiques.fr\/en\/wp-json\/wp\/v2\/pages"}],"about":[{"href":"https:\/\/www.berangereceramiques.fr\/en\/wp-json\/wp\/v2\/types\/page"}],"author":[{"embeddable":true,"href":"https:\/\/www.berangereceramiques.fr\/en\/wp-json\/wp\/v2\/users\/1"}],"replies":[{"embeddable":true,"href":"https:\/\/www.berangereceramiques.fr\/en\/wp-json\/wp\/v2\/comments?post=166"}],"version-history":[{"count":30,"href":"https:\/\/www.berangereceramiques.fr\/en\/wp-json\/wp\/v2\/pages\/166\/revisions"}],"predecessor-version":[{"id":1287,"href":"https:\/\/www.berangereceramiques.fr\/en\/wp-json\/wp\/v2\/pages\/166\/revisions\/1287"}],"wp:attachment":[{"href":"https:\/\/www.berangereceramiques.fr\/en\/wp-json\/wp\/v2\/media?parent=166"}],"curies":[{"name":"wp","href":"https:\/\/api.w.org\/{rel}","templated":true}]}}